{"id":2093,"date":"2024-05-08T23:43:39","date_gmt":"2024-05-08T23:43:39","guid":{"rendered":"https:\/\/www.hotelpocoapoco.com\/sustainability\/"},"modified":"2026-02-12T21:28:20","modified_gmt":"2026-02-12T21:28:20","slug":"sostenibilidad","status":"publish","type":"page","link":"https:\/\/www.hotelpocoapoco.com\/es\/sostenibilidad\/","title":{"rendered":"Sostenibilidad"},"content":{"rendered":"\t\t<div data-elementor-type=\"wp-page\" data-elementor-id=\"2093\" class=\"elementor elementor-2093 elementor-823\" data-elementor-post-type=\"page\">\n\t\t\t\t\t\t<section class=\"elementor-section elementor-top-section elementor-element elementor-element-b925924 elementor-section-full_width elementor-section-stretched elementor-section-height-default elementor-section-height-default\" data-id=\"b925924\" data-element_type=\"section\" data-settings=\"{&quot;stretch_section&quot;:&quot;section-stretched&quot;,&quot;background_background&quot;:&quot;classic&quot;}\">\n\t\t\t\t\t\t<div class=\"elementor-container elementor-column-gap-default\">\n\t\t\t\t\t<div class=\"elementor-column elementor-col-100 elementor-top-column elementor-element elementor-element-84e3a3e\" data-id=\"84e3a3e\" data-element_type=\"column\">\n\t\t\t<div class=\"elementor-widget-wrap\">\n\t\t\t\t\t\t\t<\/div>\n\t\t<\/div>\n\t\t\t\t\t<\/div>\n\t\t<\/section>\n\t\t\t\t<section class=\"elementor-section elementor-top-section elementor-element elementor-element-e774b21 elementor-section-full_width elementor-section-stretched elementor-section-height-default elementor-section-height-default\" data-id=\"e774b21\" data-element_type=\"section\" data-settings=\"{&quot;stretch_section&quot;:&quot;section-stretched&quot;}\">\n\t\t\t\t\t\t<div class=\"elementor-container elementor-column-gap-default\">\n\t\t\t\t\t<div class=\"elementor-column elementor-col-100 elementor-top-column elementor-element elementor-element-af68de2\" data-id=\"af68de2\" data-element_type=\"column\">\n\t\t\t<div class=\"elementor-widget-wrap elementor-element-populated\">\n\t\t\t\t\t\t<div class=\"elementor-element elementor-element-3dde8d1 elementor-widget elementor-widget-heading\" data-id=\"3dde8d1\" data-element_type=\"widget\" data-widget_type=\"heading.default\">\n\t\t\t\t<div class=\"elementor-widget-container\">\n\t\t\t<style>\/*! elementor - v3.23.0 - 05-08-2024 *\/\n.elementor-heading-title{padding:0;margin:0;line-height:1}.elementor-widget-heading .elementor-heading-title[class*=elementor-size-]>a{color:inherit;font-size:inherit;line-height:inherit}.elementor-widget-heading .elementor-heading-title.elementor-size-small{font-size:15px}.elementor-widget-heading .elementor-heading-title.elementor-size-medium{font-size:19px}.elementor-widget-heading .elementor-heading-title.elementor-size-large{font-size:29px}.elementor-widget-heading .elementor-heading-title.elementor-size-xl{font-size:39px}.elementor-widget-heading .elementor-heading-title.elementor-size-xxl{font-size:59px}<\/style><h2 class=\"elementor-heading-title elementor-size-default\">Sostenibilidad<\/h2>\t\t<\/div>\n\t\t\t\t<\/div>\n\t\t\t\t<div class=\"elementor-element elementor-element-b0eb517 elementor-widget-divider--view-line elementor-widget elementor-widget-divider\" data-id=\"b0eb517\" data-element_type=\"widget\" data-widget_type=\"divider.default\">\n\t\t\t\t<div class=\"elementor-widget-container\">\n\t\t\t<style>\/*! elementor - v3.23.0 - 05-08-2024 *\/\n.elementor-widget-divider{--divider-border-style:none;--divider-border-width:1px;--divider-color:#0c0d0e;--divider-icon-size:20px;--divider-element-spacing:10px;--divider-pattern-height:24px;--divider-pattern-size:20px;--divider-pattern-url:none;--divider-pattern-repeat:repeat-x}.elementor-widget-divider .elementor-divider{display:flex}.elementor-widget-divider .elementor-divider__text{font-size:15px;line-height:1;max-width:95%}.elementor-widget-divider .elementor-divider__element{margin:0 var(--divider-element-spacing);flex-shrink:0}.elementor-widget-divider .elementor-icon{font-size:var(--divider-icon-size)}.elementor-widget-divider .elementor-divider-separator{display:flex;margin:0;direction:ltr}.elementor-widget-divider--view-line_icon .elementor-divider-separator,.elementor-widget-divider--view-line_text .elementor-divider-separator{align-items:center}.elementor-widget-divider--view-line_icon .elementor-divider-separator:after,.elementor-widget-divider--view-line_icon .elementor-divider-separator:before,.elementor-widget-divider--view-line_text .elementor-divider-separator:after,.elementor-widget-divider--view-line_text .elementor-divider-separator:before{display:block;content:\"\";border-block-end:0;flex-grow:1;border-block-start:var(--divider-border-width) var(--divider-border-style) var(--divider-color)}.elementor-widget-divider--element-align-left .elementor-divider .elementor-divider-separator>.elementor-divider__svg:first-of-type{flex-grow:0;flex-shrink:100}.elementor-widget-divider--element-align-left .elementor-divider-separator:before{content:none}.elementor-widget-divider--element-align-left .elementor-divider__element{margin-left:0}.elementor-widget-divider--element-align-right .elementor-divider .elementor-divider-separator>.elementor-divider__svg:last-of-type{flex-grow:0;flex-shrink:100}.elementor-widget-divider--element-align-right .elementor-divider-separator:after{content:none}.elementor-widget-divider--element-align-right .elementor-divider__element{margin-right:0}.elementor-widget-divider--element-align-start .elementor-divider .elementor-divider-separator>.elementor-divider__svg:first-of-type{flex-grow:0;flex-shrink:100}.elementor-widget-divider--element-align-start .elementor-divider-separator:before{content:none}.elementor-widget-divider--element-align-start .elementor-divider__element{margin-inline-start:0}.elementor-widget-divider--element-align-end .elementor-divider .elementor-divider-separator>.elementor-divider__svg:last-of-type{flex-grow:0;flex-shrink:100}.elementor-widget-divider--element-align-end .elementor-divider-separator:after{content:none}.elementor-widget-divider--element-align-end .elementor-divider__element{margin-inline-end:0}.elementor-widget-divider:not(.elementor-widget-divider--view-line_text):not(.elementor-widget-divider--view-line_icon) .elementor-divider-separator{border-block-start:var(--divider-border-width) var(--divider-border-style) var(--divider-color)}.elementor-widget-divider--separator-type-pattern{--divider-border-style:none}.elementor-widget-divider--separator-type-pattern.elementor-widget-divider--view-line .elementor-divider-separator,.elementor-widget-divider--separator-type-pattern:not(.elementor-widget-divider--view-line) .elementor-divider-separator:after,.elementor-widget-divider--separator-type-pattern:not(.elementor-widget-divider--view-line) .elementor-divider-separator:before,.elementor-widget-divider--separator-type-pattern:not([class*=elementor-widget-divider--view]) .elementor-divider-separator{width:100%;min-height:var(--divider-pattern-height);-webkit-mask-size:var(--divider-pattern-size) 100%;mask-size:var(--divider-pattern-size) 100%;-webkit-mask-repeat:var(--divider-pattern-repeat);mask-repeat:var(--divider-pattern-repeat);background-color:var(--divider-color);-webkit-mask-image:var(--divider-pattern-url);mask-image:var(--divider-pattern-url)}.elementor-widget-divider--no-spacing{--divider-pattern-size:auto}.elementor-widget-divider--bg-round{--divider-pattern-repeat:round}.rtl .elementor-widget-divider .elementor-divider__text{direction:rtl}.e-con-inner>.elementor-widget-divider,.e-con>.elementor-widget-divider{width:var(--container-widget-width,100%);--flex-grow:var(--container-widget-flex-grow)}<\/style>\t\t<div class=\"elementor-divider\">\n\t\t\t<span class=\"elementor-divider-separator\">\n\t\t\t\t\t\t<\/span>\n\t\t<\/div>\n\t\t\t\t<\/div>\n\t\t\t\t<\/div>\n\t\t\t\t<div class=\"elementor-element elementor-element-d586034 elementor-widget elementor-widget-text-editor\" data-id=\"d586034\" data-element_type=\"widget\" data-widget_type=\"text-editor.default\">\n\t\t\t\t<div class=\"elementor-widget-container\">\n\t\t\t<style>\/*! elementor - v3.23.0 - 05-08-2024 *\/\n.elementor-widget-text-editor.elementor-drop-cap-view-stacked .elementor-drop-cap{background-color:#69727d;color:#fff}.elementor-widget-text-editor.elementor-drop-cap-view-framed .elementor-drop-cap{color:#69727d;border:3px solid;background-color:transparent}.elementor-widget-text-editor:not(.elementor-drop-cap-view-default) .elementor-drop-cap{margin-top:8px}.elementor-widget-text-editor:not(.elementor-drop-cap-view-default) .elementor-drop-cap-letter{width:1em;height:1em}.elementor-widget-text-editor .elementor-drop-cap{float:left;text-align:center;line-height:1;font-size:50px}.elementor-widget-text-editor .elementor-drop-cap-letter{display:inline-block}<\/style>\t\t\t\t<p>La filosof\u00eda de pr\u00e1cticas sostenibles del Hotel &amp; Spa Poco a Poco consiste en generar una experiencia aut\u00e9ntica y enriquecedora para el hu\u00e9sped, colocando el clima y la cultura en el centro, junto con una econom\u00eda y ecolog\u00eda local de relevancia internacional.<\/p><p>A medida que Monteverde lidera el camino hacia un turismo sostenible bien implementado, Hotel &amp; Spa Poco a Poco se mantiene como un miembro activo de la comunidad, asegurando su \u00e9xito continuo.<\/p><p>Hemos sido galardonados con el Certificado de Sostenibilidad Tur\u00edstica (CST) por parte del ICT (Instituto Costarricense de Turismo), lo cual reafirma nuestro compromiso con la sostenibilidad.<\/p><p>Tambi\u00e9n contamos con otras certificaciones como SICCS (Sistema Integrado Centroamericano de Calidad y Sostenibilidad), por nuestro compromiso con una gesti\u00f3n eficiente y sostenible.<\/p><p>El hotel tiene una firme pasi\u00f3n por reducir nuestro impacto ambiental y generar efectos econ\u00f3micos y sociales positivos en la comunidad. Creemos que las pr\u00e1cticas sostenibles en hospitalidad enriquecen la experiencia de nuestros hu\u00e9spedes. Adem\u00e1s, invitamos a nuestros visitantes a formar parte de este movimiento como parte de nuestro compromiso con la educaci\u00f3n y la difusi\u00f3n del conocimiento.<br \/>La sostenibilidad es un proceso constante y din\u00e1mico. En Hotel &amp; Spa Poco a Poco estamos comprometidos con la implementaci\u00f3n de pr\u00e1cticas actualizadas para conservar el ambiente, apoyar el bienestar socioecon\u00f3mico de la comunidad, y preservar la cultura y tradiciones locales.<\/p>\t\t\t\t\t\t<\/div>\n\t\t\t\t<\/div>\n\t\t\t\t\t<\/div>\n\t\t<\/div>\n\t\t\t\t\t<\/div>\n\t\t<\/section>\n\t\t\t\t<section class=\"elementor-section elementor-top-section elementor-element elementor-element-ad9438e elementor-section-full_width elementor-section-stretched elementor-section-height-default elementor-section-height-default\" data-id=\"ad9438e\" data-element_type=\"section\" data-settings=\"{&quot;stretch_section&quot;:&quot;section-stretched&quot;,&quot;background_background&quot;:&quot;classic&quot;}\">\n\t\t\t\t\t\t<div class=\"elementor-container elementor-column-gap-no\">\n\t\t\t\t\t<div class=\"elementor-column elementor-col-50 elementor-top-column elementor-element elementor-element-ac95a66\" data-id=\"ac95a66\" data-element_type=\"column\">\n\t\t\t<div class=\"elementor-widget-wrap elementor-element-populated\">\n\t\t\t\t\t\t<div class=\"elementor-element elementor-element-901bb4f elementor-widget elementor-widget-text-editor\" data-id=\"901bb4f\" data-element_type=\"widget\" data-widget_type=\"text-editor.default\">\n\t\t\t\t<div class=\"elementor-widget-container\">\n\t\t\t\t\t\t\t<p><strong>Algunas de nuestras pr\u00e1cticas sostenibles actuales incluyen:<\/strong><\/p><p>\u2013 Programa de reciclaje en todos los departamentos del hotel.<\/p><p>\u2013 Creemos que somos responsables ante la comunidad local que nos brinda colaboradores y nos apoya como negocio. Algunas de nuestras actividades e iniciativas incluyen:<\/p><ul><li>Empleo a miembros de la comunidad (95% de nuestro personal es local).<\/li><li>Participaci\u00f3n y patrocinio de programas comunitarios de voluntariado.<\/li><li>Participaci\u00f3n en programas comunitarios de producci\u00f3n de abono org\u00e1nico.<\/li><\/ul><p>\u2013 Instalaci\u00f3n de paneles solares para compensar el uso de energ\u00eda de la red.<br \/>\u2013 Programa de ahorro y tratamiento de agua.<br \/>\u2013 Uso de bombillos de bajo consumo energ\u00e9tico.<br \/>\u2013 Reducci\u00f3n del uso de pl\u00e1sticos y empaques de un solo uso en todo el hotel, incluyendo cocina, restaurante y habitaciones.<br \/>\u2013 Reutilizaci\u00f3n de empaques y materiales de oficina, y filosof\u00eda de \u00abimprimir solo si es absolutamente necesario\u00bb.<br \/>\u2013 Uso de productos de limpieza biodegradables.<br \/>\u2013 Invitamos a nuestros hu\u00e9spedes a reutilizar s\u00e1banas y toallas para minimizar el lavado y ofrecemos consejos para ahorrar energ\u00eda y agua.<br \/>\u2013 Compromiso con el abastecimiento de productos org\u00e1nicos, de libre pastoreo, comercio justo y de agricultura sostenible de productores locales.<br \/>\u2013 Invitamos a nuestros clientes a ser parte de nuestras pr\u00e1cticas sostenibles (reciclaje, cambio de ropa de cama y toallas solo cuando sea necesario, apagar luces innecesarias, y participar en programas de voluntariado comunitario).<\/p>\t\t\t\t\t\t<\/div>\n\t\t\t\t<\/div>\n\t\t\t\t\t<\/div>\n\t\t<\/div>\n\t\t\t\t<div class=\"elementor-column elementor-col-50 elementor-top-column elementor-element elementor-element-a8a137b\" data-id=\"a8a137b\" data-element_type=\"column\" data-settings=\"{&quot;background_background&quot;:&quot;slideshow&quot;,&quot;background_slideshow_gallery&quot;:[{&quot;id&quot;:4154,&quot;url&quot;:&quot;https:\\\/\\\/www.hotelpocoapoco.com\\\/wp-content\\\/uploads\\\/2025\\\/09\\\/sustainability_hotel-poco-a-poco_1.jpg&quot;},{&quot;id&quot;:2802,&quot;url&quot;:&quot;https:\\\/\\\/www.hotelpocoapoco.com\\\/wp-content\\\/uploads\\\/2025\\\/08\\\/sustainability_hotel-poco-a-poco_3.jpeg&quot;},{&quot;id&quot;:2800,&quot;url&quot;:&quot;https:\\\/\\\/www.hotelpocoapoco.com\\\/wp-content\\\/uploads\\\/2025\\\/08\\\/sustainability_hotel-poco-a-poco_2.jpg&quot;},{&quot;id&quot;:2796,&quot;url&quot;:&quot;https:\\\/\\\/www.hotelpocoapoco.com\\\/wp-content\\\/uploads\\\/2025\\\/08\\\/sustainability_hotel-poco-a-poco.jpeg&quot;},{&quot;id&quot;:5127,&quot;url&quot;:&quot;https:\\\/\\\/www.hotelpocoapoco.com\\\/wp-content\\\/uploads\\\/2026\\\/02\\\/LOGO_CST.jpg&quot;},{&quot;id&quot;:4164,&quot;url&quot;:&quot;https:\\\/\\\/www.hotelpocoapoco.com\\\/wp-content\\\/uploads\\\/2025\\\/09\\\/SICCS-jpg.jpg&quot;}],&quot;background_slideshow_loop&quot;:&quot;yes&quot;,&quot;background_slideshow_slide_duration&quot;:5000,&quot;background_slideshow_slide_transition&quot;:&quot;fade&quot;,&quot;background_slideshow_transition_duration&quot;:500}\">\n\t\t\t<div class=\"elementor-widget-wrap elementor-element-populated\">\n\t\t\t\t\t\t<div class=\"elementor-element elementor-element-c6968ce elementor-hidden-desktop elementor-hidden-tablet elementor-hidden-mobile elementor-arrows-position-inside elementor-widget elementor-widget-image-carousel\" data-id=\"c6968ce\" data-element_type=\"widget\" data-settings=\"{&quot;slides_to_show&quot;:&quot;1&quot;,&quot;navigation&quot;:&quot;arrows&quot;,&quot;autoplay&quot;:&quot;yes&quot;,&quot;pause_on_hover&quot;:&quot;yes&quot;,&quot;pause_on_interaction&quot;:&quot;yes&quot;,&quot;autoplay_speed&quot;:5000,&quot;infinite&quot;:&quot;yes&quot;,&quot;effect&quot;:&quot;slide&quot;,&quot;speed&quot;:500}\" data-widget_type=\"image-carousel.default\">\n\t\t\t\t<div class=\"elementor-widget-container\">\n\t\t\t<style>\/*! elementor - v3.23.0 - 05-08-2024 *\/\n.elementor-widget-image-carousel .swiper,.elementor-widget-image-carousel .swiper-container{position:static}.elementor-widget-image-carousel .swiper-container .swiper-slide figure,.elementor-widget-image-carousel .swiper .swiper-slide figure{line-height:inherit}.elementor-widget-image-carousel .swiper-slide{text-align:center}.elementor-image-carousel-wrapper:not(.swiper-container-initialized):not(.swiper-initialized) .swiper-slide{max-width:calc(100% \/ var(--e-image-carousel-slides-to-show, 3))}<\/style>\t\t<div class=\"elementor-image-carousel-wrapper swiper\" dir=\"ltr\">\n\t\t\t<div class=\"elementor-image-carousel swiper-wrapper\" aria-live=\"off\">\n\t\t\t\t\t\t\t\t<div class=\"swiper-slide\" role=\"group\" aria-roledescription=\"slide\" aria-label=\"1 de 6\"><figure class=\"swiper-slide-inner\"><img decoding=\"async\" class=\"swiper-slide-image\" src=\"https:\/\/www.hotelpocoapoco.com\/wp-content\/uploads\/2025\/09\/sustainability_hotel-poco-a-poco_1.jpg\" alt=\"sustainability_hotel-poco-a-poco_1.jpg\" \/><\/figure><\/div><div class=\"swiper-slide\" role=\"group\" aria-roledescription=\"slide\" aria-label=\"2 de 6\"><figure class=\"swiper-slide-inner\"><img decoding=\"async\" class=\"swiper-slide-image\" src=\"https:\/\/www.hotelpocoapoco.com\/wp-content\/uploads\/2025\/09\/sustainability_hotel-poco-a-poco_2.jpg\" alt=\"sustainability_hotel-poco-a-poco_2.jpg\" \/><\/figure><\/div><div class=\"swiper-slide\" role=\"group\" aria-roledescription=\"slide\" aria-label=\"3 de 6\"><figure class=\"swiper-slide-inner\"><img decoding=\"async\" class=\"swiper-slide-image\" src=\"https:\/\/www.hotelpocoapoco.com\/wp-content\/uploads\/2025\/09\/sustainability_hotel-poco-a-poco_3.jpeg\" alt=\"sustainability_hotel-poco-a-poco_3.jpeg\" \/><\/figure><\/div><div class=\"swiper-slide\" role=\"group\" aria-roledescription=\"slide\" aria-label=\"4 de 6\"><figure class=\"swiper-slide-inner\"><img decoding=\"async\" class=\"swiper-slide-image\" src=\"https:\/\/www.hotelpocoapoco.com\/wp-content\/uploads\/2025\/09\/sustainability_hotel-poco-a-poco.jpeg\" alt=\"sustainability_hotel-poco-a-poco.jpeg\" \/><\/figure><\/div><div class=\"swiper-slide\" role=\"group\" aria-roledescription=\"slide\" aria-label=\"5 de 6\"><figure class=\"swiper-slide-inner\"><img decoding=\"async\" class=\"swiper-slide-image\" src=\"https:\/\/www.hotelpocoapoco.com\/wp-content\/uploads\/2026\/02\/LOGO_CST.jpg\" alt=\"\" \/><\/figure><\/div><div class=\"swiper-slide\" role=\"group\" aria-roledescription=\"slide\" aria-label=\"6 de 6\"><figure class=\"swiper-slide-inner\"><img decoding=\"async\" class=\"swiper-slide-image\" src=\"https:\/\/www.hotelpocoapoco.com\/wp-content\/uploads\/2025\/09\/SICCS-jpg.jpg\" alt=\"SICCS-jpg.jpg\" \/><\/figure><\/div>\t\t\t<\/div>\n\t\t\t\t\t\t\t\t\t\t\t\t<div class=\"elementor-swiper-button elementor-swiper-button-prev\" role=\"button\" tabindex=\"0\">\n\t\t\t\t\t\t<svg aria-hidden=\"true\" class=\"e-font-icon-svg e-eicon-chevron-left\" viewBox=\"0 0 1000 1000\" xmlns=\"http:\/\/www.w3.org\/2000\/svg\"><path d=\"M646 125C629 125 613 133 604 142L308 442C296 454 292 471 292 487 292 504 296 521 308 533L604 854C617 867 629 875 646 875 663 875 679 871 692 858 704 846 713 829 713 812 713 796 708 779 692 767L438 487 692 225C700 217 708 204 708 187 708 171 704 154 692 142 675 129 663 125 646 125Z\"><\/path><\/svg>\t\t\t\t\t<\/div>\n\t\t\t\t\t<div class=\"elementor-swiper-button elementor-swiper-button-next\" role=\"button\" tabindex=\"0\">\n\t\t\t\t\t\t<svg aria-hidden=\"true\" class=\"e-font-icon-svg e-eicon-chevron-right\" viewBox=\"0 0 1000 1000\" xmlns=\"http:\/\/www.w3.org\/2000\/svg\"><path d=\"M696 533C708 521 713 504 713 487 713 471 708 454 696 446L400 146C388 133 375 125 354 125 338 125 325 129 313 142 300 154 292 171 292 187 292 204 296 221 308 233L563 492 304 771C292 783 288 800 288 817 288 833 296 850 308 863 321 871 338 875 354 875 371 875 388 867 400 854L696 533Z\"><\/path><\/svg>\t\t\t\t\t<\/div>\n\t\t\t\t\n\t\t\t\t\t\t\t\t\t<\/div>\n\t\t\t\t<\/div>\n\t\t\t\t<\/div>\n\t\t\t\t\t<\/div>\n\t\t<\/div>\n\t\t\t\t\t<\/div>\n\t\t<\/section>\n\t\t\t\t<\/div>\n\t\t","protected":false},"excerpt":{"rendered":"<p>Sostenibilidad La filosof\u00eda de pr\u00e1cticas sostenibles del Hotel &amp; Spa Poco a Poco consiste en generar una experiencia aut\u00e9ntica y enriquecedora para el hu\u00e9sped, colocando el clima y la cultura en el centro, junto con una econom\u00eda y ecolog\u00eda local de relevancia internacional. A medida que Monteverde lidera el camino hacia un turismo sostenible bien [&hellip;]<\/p>\n","protected":false},"author":1,"featured_media":0,"parent":0,"menu_order":0,"comment_status":"closed","ping_status":"closed","template":"","meta":{"_joinchat":[],"footnotes":""},"class_list":["post-2093","page","type-page","status-publish","hentry"],"_links":{"self":[{"href":"https:\/\/www.hotelpocoapoco.com\/es\/wp-json\/wp\/v2\/pages\/2093","targetHints":{"allow":["GET"]}}],"collection":[{"href":"https:\/\/www.hotelpocoapoco.com\/es\/wp-json\/wp\/v2\/pages"}],"about":[{"href":"https:\/\/www.hotelpocoapoco.com\/es\/wp-json\/wp\/v2\/types\/page"}],"author":[{"embeddable":true,"href":"https:\/\/www.hotelpocoapoco.com\/es\/wp-json\/wp\/v2\/users\/1"}],"replies":[{"embeddable":true,"href":"https:\/\/www.hotelpocoapoco.com\/es\/wp-json\/wp\/v2\/comments?post=2093"}],"version-history":[{"count":34,"href":"https:\/\/www.hotelpocoapoco.com\/es\/wp-json\/wp\/v2\/pages\/2093\/revisions"}],"predecessor-version":[{"id":5603,"href":"https:\/\/www.hotelpocoapoco.com\/es\/wp-json\/wp\/v2\/pages\/2093\/revisions\/5603"}],"wp:attachment":[{"href":"https:\/\/www.hotelpocoapoco.com\/es\/wp-json\/wp\/v2\/media?parent=2093"}],"curies":[{"name":"wp","href":"https:\/\/api.w.org\/{rel}","templated":true}]}}